{"id":8,"date":"2020-10-10T21:10:29","date_gmt":"2020-10-10T18:10:29","guid":{"rendered":"http:\/\/www.yardimciisletmeler.com\/?page_id=8"},"modified":"2022-06-02T21:05:02","modified_gmt":"2022-06-02T18:05:02","slug":"ana-sayfa","status":"publish","type":"page","link":"https:\/\/www.yardimciisletmeler.com\/","title":{"rendered":""},"content":{"rendered":"\n<p>&nbsp;&nbsp;&nbsp;&nbsp;&nbsp;&nbsp;&nbsp;&nbsp;&nbsp;&nbsp;&nbsp;&nbsp;&nbsp;&nbsp;&nbsp;&nbsp;&nbsp;&nbsp; <strong>YARDIMCI TES\u0130SLER VE SORUMLULUKLARI;<\/strong><\/p>\n\n\n\n<p><strong>1-SU TEM\u0130N\u0130;<\/strong><\/p>\n\n\n\n<ol class=\"wp-block-list\" type=\"a\"><li>Derin kuyular;Jeoloji bilgisi ile b\u00f6lge suyu tahmin edilerek \u00e7\u0131kmas\u0131 muhtemel suya g\u00f6re kuyu a\u00e7\u0131larak kuyu i\u00e7ini tamamlayan pvc \u00fcr\u00fcnler sondaj analinize g\u00f6re dizayn edilir, gerekli ise sondaj i\u00e7ine pvc \u00fcr\u00fcn ile ikinci bir kum ve ask\u0131da kat\u0131 madde tutucu montajlan\u0131r, kum oran\u0131 y\u00fcksek ise dibe kum pompas\u0131 konularak sonar ile yada zaman ayarl\u0131 pompa \u00e7al\u0131\u015ft\u0131r\u0131larak dipte biriken kum ve tortu d\u0131\u015far\u0131 at\u0131l\u0131r, bu sayede sondaj \u00e7ok uzun y\u0131llar bak\u0131m gerektirmeden verimli \u00e7al\u0131\u015ft\u0131r\u0131l\u0131r, ayr\u0131ca kumdan zarar g\u00f6ren pompa \u00e7ok daha uzun \u00f6m\u00fcrl\u00fc olur, burada harcanacak olan b\u00fct\u00e7e bu i\u015flem yap\u0131lmaz ise d\u0131\u015farda harcanacak olan b\u00fct\u00e7enin yar\u0131s\u0131n\u0131 olu\u015fturmayaca\u011f\u0131 gibi sorunu ayn\u0131 yerde \u00e7\u00f6zmek \u00e7ok daha ak\u0131ll\u0131ca ve verimli olur.<\/li><\/ol>\n\n\n\n<ul class=\"wp-block-list\"><li>Derin kuyu dalg\u0131\u00e7lar\u0131; En verimli ve do\u011fru pompay\u0131 se\u00e7mek, se\u00e7ilmi\u015f pompay\u0131 az bak\u0131mla uzun \u00f6m\u00fcrl\u00fc y\u00fcksek verimli \u00e7al\u0131\u015ft\u0131rmak. Kuyu suyunun mevsimlik durumuna g\u00f6re pompa derinli\u011fini ayarlamak, gerekli ise en uygun kimyasal\u0131 otomasyonla dozajlamak. Haftal\u0131k olarak ya da ihtiya\u00e7 s\u0131kl\u0131\u011f\u0131nda ph, iletkenlik, sertlik, klor\u00fcr, klor, kum, yosun ve diyer minerallerin de\u011ferlerini profesyonel olarak \u00f6l\u00e7mek ve kay\u0131t alt\u0131na almak, kay\u0131t alt\u0131na al\u0131nan de\u011ferlerle grafik \u00e7\u0131kararak i\u015fletme sahas\u0131ndaki tesislerde bu bilgileri kullanmak.<\/li><\/ul>\n\n\n\n<ul class=\"wp-block-list\"><li>Hidroforlar; En verimli ve do\u011fru pompay\u0131 se\u00e7mek, se\u00e7ilmi\u015f pompay\u0131 az bak\u0131mla uzun \u00f6m\u00fcrl\u00fc y\u00fcksek verimli \u00e7al\u0131\u015ft\u0131rmak. \u0130\u015fletme sahas\u0131ndaki gerekli bas\u0131nc\u0131 ve su sarfiyat\u0131n\u0131 belirleyerek, su ve enerji sarfiyat\u0131n\u0131 minimum seviyede tutmak, minimum bak\u0131m ve ar\u0131zal\u0131 tesis olu\u015fturmak. Tesisat\u0131n t\u00fcm su kollar\u0131n\u0131 su saatleriyle kontrol alt\u0131na almak, bu verileri g\u00fcnl\u00fck olarak toplamak ve grafik \u00e7\u0131karmak, elde edilen verilerle su ka\u00e7aklar\u0131n\u0131 \u00e7ok h\u0131zl\u0131 bir \u015fekilde bulmak, gereksiz su kullan\u0131mlar\u0131n\u0131n \u00f6n\u00fcne ge\u00e7mek. \u0130\u015fletmeyi susuz b\u0131rakmayarak \u00fcretimin s\u00fcreklili\u011fini sa\u011flamak. Hidroforlar\u0131, yang\u0131n sistemleri ve dalg\u0131\u00e7larla k\u00f6pr\u00fcleyerek, kontroll\u00fc bir \u015fekilde bir birlerini yedekler hale getirerek i\u015fletmedeki \u00fcretimin s\u00fcreklili\u011fini sa\u011flamak ve riskleri minimize etmek. Yeni nesil pompa ve motorlar\u0131 se\u00e7mek, kullan\u0131m\u0131na \u00f6ncelik vermek.<\/li><\/ul>\n\n\n\n<ul class=\"wp-block-list\"><li>Su depolar\u0131; Su depolar\u0131 bakteri \u00fcretmeyen k\u0131\u015f\u0131r ve korozyondan etkilenmeyen \u00fcr\u00fcnlerle kaplan\u0131r, m\u00fcmk\u00fcn oldu\u011fu kadar ask\u0131da kat\u0131 maddeden ar\u0131nd\u0131r\u0131lm\u0131\u015f su ile doldurulur, temizli\u011fi d\u00fczenli olarak yap\u0131l\u0131r, depo i\u00e7ine uygun say\u0131 ve kapasitede UV yerle\u015ftirilip y\u0131ll\u0131k de\u011fi\u015fimleri yap\u0131l\u0131r.<\/li><\/ul>\n\n\n\n<p><strong>2-SU \u015eARTLANDIRMASI;<\/strong><\/p>\n\n\n\n<ol class=\"wp-block-list\" type=\"a\"><li>\u0130\u00e7me suyu hijyeni; \u0130\u015fletme geneli t\u00fcm su sistemlerini ve kuyular\u0131n\u0131 bakateriden korumak, \u00e7al\u0131\u015fan sa\u011fl\u0131\u011f\u0131n\u0131 ve memnuniyetini sa\u011flamak, i\u00e7me sular\u0131n\u0131 i\u00e7ilebilir sa\u011fl\u0131kl\u0131, lezzetli hale getirmek, yemekhane ve \u00e7ay oca\u011f\u0131nda yap\u0131lan yiyecek i\u00e7eceklerin sa\u011fl\u0131kl\u0131 ve lezzetli olmas\u0131na katk\u0131da bulunmak.<\/li><\/ol>\n\n\n\n<ul class=\"wp-block-list\"><li>\u00c7evrim sular\u0131n\u0131n \u015fartland\u0131r\u0131lmas\u0131; T\u00fcm su \u00e7evrimlerindeki ( s\u0131cak su, so\u011fuk su, kule boyler sular\u0131) sular\u0131n kontrollerini teknolojik ekipmanla donatarak anl\u0131k de\u011ferlerle suyu, \u00e7evrim \u015fartlar\u0131nda istenen de\u011ferlerde dalgalanmadan tutmak ve s\u00fcreklili\u011fini korumak, gerekli ise otomasyonla kimyasal katk\u0131s\u0131nda bulunmak. \u00c7evrim sistemlerine minimum su, kimyasal, enerji ve i\u015f\u00e7ilik hacayarak maksimum verim ve s\u00fcreklili\u011fi, \u00e7evre de\u011ferleri i\u00e7inde en kazan\u00e7l\u0131 hale getirerek \u00e7al\u0131\u015ft\u0131rmak.<\/li><\/ul>\n\n\n\n<ul class=\"wp-block-list\"><li>Kimyasal kullan\u0131m\u0131; Gerekli kimyasal bilgisi ve e\u011fitimi al\u0131narak kimyasala m\u00fcdahale etmek. \u0130\u015fletmedeki ba\u015far\u0131s\u0131 ve faydalar\u0131 verilerle do\u011frulan\u0131r \u015fekli esas al\u0131narak, en iyi veriler elde edilen \u015fartland\u0131rma kimyasallar\u0131 ve miktarlar\u0131 belirlenir, bu istikrar\u0131 sa\u011flayan firma se\u00e7ilir, ba\u015far\u0131l\u0131 ikinci bir firmayla irtibatta kal\u0131narak iki kez t\u00fcm sistemler garanti alt\u0131na al\u0131n\u0131r. \u0130\u015fletme ve \u00e7al\u0131\u015f\u0131lan firma kotrol alt\u0131nda tutularak, gerekli t\u00fcm bilgi ve e\u011fitimler al\u0131n\u0131r, i\u015fletme k\u00f6rl\u00fc\u011f\u00fc minimize edilir. Kimyasal\u0131 azalt\u0131c\u0131, e\u015fde\u011fer, ya da daha \u00fcst\u00fcn ekipmanlar ara\u015ft\u0131r\u0131larak temin edilir bilgi ve e\u011fitimler yenilenir.<\/li><\/ul>\n\n\n\n<ul class=\"wp-block-list\"><li>Analizler; \u0130\u015fletmenin t\u00fcm sular\u0131n\u0131 gerekli s\u0131kl\u0131kta profesyonelce analiz ederek kay\u0131t alt\u0131na al\u0131p grafik olu\u015fturmak. Bu bilgileri i\u015fletmenin ihtiya\u00e7 duydu\u011fu alanlarda kullanmak.<\/li><\/ul>\n\n\n\n<p><strong>3-ARITMA S\u0130STEMLER\u0130;<\/strong><\/p>\n\n\n\n<ol class=\"wp-block-list\" type=\"a\"><li>Ham su ar\u0131tma sistemleri; Derin kuyu dalg\u0131\u00e7lar\u0131n\u0131n hemen \u00e7\u0131k\u0131\u015f\u0131na uygun kapasitede otomatik tahliyeli hidro dinamik filitre konur, sonras\u0131na ters y\u0131kama pompas\u0131 kendisine ait olan tandem kum filitre konur, teknolojik sistemlerle su dinlendirme havuzlar\u0131na getirilir. Bu sistemlerin g\u00fcnl\u00fck kontroller ve peryodik bak\u0131mlarla s\u00fcreklili\u011fi sa\u011flan\u0131r.<\/li><\/ol>\n\n\n\n<ul class=\"wp-block-list\"><li>Tasfiye (yumu\u015fak su) sistemleri; Debi kontroll\u00fc tandem cihaz, d\u00fc\u015f\u00fck bas\u0131n\u00e7ta \u00e7al\u0131\u015facak yap\u0131 ve birinci s\u0131n\u0131f re\u00e7ine se\u00e7mek, en uygun ters y\u0131kama aral\u0131\u011f\u0131 se\u00e7ilerek en az tuz ve at\u0131k suyla i\u015fletmek, sistemde az ar\u0131za ve bak\u0131ml\u0131 uzun \u00f6m\u00fcrl\u00fc olmas\u0131 i\u00e7in birinci s\u0131n\u0131f tuz kullanmak. Re\u00e7inenin \u00f6mr\u00fc azald\u0131k\u00e7a veya ham suyun de\u011ferleri de\u011fi\u015ftik\u00e7e jenerasyon i\u015fleminde gerekli de\u011fi\u015fikli\u011fi yapmak, g\u00fcnl\u00fck kontrollerle olu\u015fabilecek ar\u0131zay\u0131 en k\u0131sa zamanda bularak ar\u0131zay\u0131 gidermek ve s\u00fcreklili\u011fi sa\u011flamak.<\/li><\/ul>\n\n\n\n<ul class=\"wp-block-list\"><li>\u0130\u00e7me suyu sistemleri; Debi kontroll\u00fc tandem cihaz, d\u00fc\u015f\u00fck bas\u0131n\u00e7ta \u00e7al\u0131\u015facak yap\u0131 ve birinci s\u0131n\u0131f karbon se\u00e7mek, en uygun ters y\u0131kama aral\u0131\u011f\u0131 se\u00e7ilerek en az at\u0131k suyla i\u015fletmek. Karbonun \u00f6mr\u00fc azald\u0131k\u00e7a veya tasfiye suyunun de\u011ferleri de\u011fi\u015ftik\u00e7e jenerasyon i\u015fleminde gerekli de\u011fi\u015fikli\u011fi yapmak, g\u00fcnl\u00fck kontrollerle olu\u015fabilecek ar\u0131zay\u0131 en k\u0131sa zamanda bularak ar\u0131zay\u0131 gidermek, uygun UV sistemi se\u00e7ilerek karbonla birlikte y\u0131lda birkez de\u011fi\u015ftirerek s\u00fcreklili\u011fi sa\u011flamak.<\/li><\/ul>\n\n\n\n<ul class=\"wp-block-list\"><li>Saf su sistemleri; Verimi y\u00fcksek i\u015fletmesi g\u00fcvenli ve kolay, bak\u0131m\u0131 az saf su cihaz\u0131 tercih edilir, kontrolleri g\u00fcnl\u00fck yap\u0131larak olu\u015facak ar\u0131zay\u0131 en k\u0131sa s\u00fcrede bularak ar\u0131zay\u0131 gidermek, filitre ve mebran \u00f6m\u00fcrleri kay\u0131t alt\u0131nda tutularak zaman\u0131nda de\u011fi\u015ftirilir. Maksimum verimde minimum i\u015f\u00e7ilik ve sarf malzemesi kullan\u0131larak s\u00fcrekli olarak \u00e7al\u0131\u015fmas\u0131 sa\u011flan\u0131r.<\/li><\/ul>\n\n\n\n<ul class=\"wp-block-list\"><li>At\u0131k su sistemleri; Evsel ve kimyasal olmak \u00fczere iki ayr\u0131 at\u0131k tesisat\u0131 ve tesisi teknolojiyle donat\u0131larak, g\u00fcnl\u00fck kontrol ve analizlerle takip edilir. Maksimum verimde minimum i\u015f\u00e7ilik ve sarf malzemesi kullan\u0131larak \u00e7evre ko\u015fullar\u0131na g\u00f6re s\u00fcrekli olarak \u00e7al\u0131\u015fmas\u0131 sa\u011flan\u0131r.<\/li><\/ul>\n\n\n\n<p><strong>4-\u0130KL\u0130MLEND\u0130RME;<\/strong><\/p>\n\n\n\n<ol class=\"wp-block-list\" type=\"a\"><li>Is\u0131tma sistemleri; Geri kazan\u0131ma \u00f6nem verilerek sessiz, programl\u0131, nemlendiricili, iyonizerli, polen ve karbon filtreli sistemler se\u00e7ilir, bakteri \u00f6nleyici olarak UV kullan\u0131l\u0131r. Cihaz ve tesisat yal\u0131t\u0131m\u0131 \u00e7ok \u00f6nemsenir. Korozyonun etkisiz oldu\u011fu tesisat yap\u0131l\u0131r, tesisat\u0131n u\u00e7 noktalar\u0131na bo\u015faltma vanalar\u0131, y\u00fcksek noktalar\u0131na da otomatik drenajl\u0131 purj\u00f6rler ve her tesisat koluna vanalar konur, vanalar s\u0131cak suya g\u00f6re se\u00e7ilir. Sistem g\u00fcnl\u00fck olarak kontrol edilir emi\u015f filitreleri gerekli aral\u0131klarla temizlenir veya de\u011fi\u015ftirilir. En iyi konfor az bak\u0131m ve ar\u0131zayla y\u00fcksek verimli \u00e7al\u0131\u015ft\u0131r\u0131l\u0131r.<\/li><\/ol>\n\n\n\n<ul class=\"wp-block-list\"><li>So\u011futma sistemleri; Geri kazan\u0131ma \u00f6nem verilerek sessiz, programl\u0131, nemlendiricili, iyonizerli, polen ve karbon filtreli sistemler se\u00e7ilir, bakteri \u00f6nleyici olarak UV kullan\u0131l\u0131r. Cihaz ve tesisat yal\u0131t\u0131m\u0131 \u00e7ok \u00f6nemsenir. Korozyonun etkisiz oldu\u011fu tesisat yap\u0131l\u0131r, tesisat\u0131n u\u00e7 noktalar\u0131na bo\u015faltma vanalar\u0131, y\u00fcksek noktalar\u0131na da otomatik drenajl\u0131 purj\u00f6rler ve her tesisat koluna vanalar konur, vanalar so\u011fuk suya g\u00f6re se\u00e7ilir. Sistem g\u00fcnl\u00fck olarak kontrol edilir emi\u015f filitreleri gerekli aral\u0131klarla temizlenir veya de\u011fi\u015ftirilir. En iyi konfor az bak\u0131m ve ar\u0131zayla y\u00fcksek verimli \u00e7al\u0131\u015ft\u0131r\u0131l\u0131r.<\/li><\/ul>\n\n\n\n<ul class=\"wp-block-list\"><li>Is\u0131tma so\u011futma \u00e7evrim sistemleri; Bu sistemlerin en \u00f6nemli parametreleri do\u011fru se\u00e7ilmi\u015f ve do\u011fru montaj edilmi\u015f pompa, sistemin ihtiya\u00e7 duydu\u011fu bas\u0131n\u00e7 ve sirkilasyon fark bas\u0131n\u00e7lar\u0131d\u0131r. Bu de\u011ferler belli aral\u0131klarda kontrol edilerek i\u015fletme \u015fartlar\u0131na uygun hale getirilir. Pompa kayb\u0131 olmadan az bak\u0131m ve ar\u0131zayla y\u00fcksek verimle \u00e7al\u0131\u015ft\u0131r\u0131l\u0131r. Sistem iyile\u015ftirilmesi ara\u015ft\u0131r\u0131l\u0131r ve yeni eklenen sistem ve tesisatlar g\u00f6zetim alt\u0131nda tutularak en uygun montaja katk\u0131da bulunulur. Mevsimlik ge\u00e7i\u015flerde \u00e7ok dikkatli olunarak k\u0131\u015f\u0131n so\u011fuktan, yaz\u0131n s\u0131caktan do\u011facak verim d\u00fc\u015f\u00fckl\u00fc\u011f\u00fc ve duru\u015flar\u0131n \u00f6n\u00fcne ge\u00e7ilir.<\/li><\/ul>\n\n\n\n<ul class=\"wp-block-list\"><li>Havaland\u0131rma; Kirli hava d\u0131\u015far\u0131 at\u0131l\u0131rken ayn\u0131 miktarda hava filtreden (karbon filtre, UV filtre, Ozon ve iyonizer sistem) ge\u00e7irilerek en yak\u0131n yere ula\u015ft\u0131r\u0131l\u0131r, gerekli hava debisi sa\u011flan\u0131r, geri kazan\u0131m i\u00e7in \u0131s\u0131tma so\u011futma sistemleri ile donat\u0131l\u0131r.<\/li><\/ul>\n\n\n\n<p><strong>5-SO\u011eUTMA KULELER\u0130;<\/strong><\/p>\n\n\n\n<p>Sistemler %100 verimle minimum bak\u0131m, ar\u0131za, at\u0131k su, kimyasal ve enerjiyle \u00e7al\u0131\u015ft\u0131r\u0131larak s\u00fcreklili\u011fi sa\u011flan\u0131r. \u00dcretim sahas\u0131 s\u00fcrekli kontrol edilerek bas\u0131n\u00e7, debi ve su yap\u0131s\u0131 en verimli seviyede tutulur. Sistem de\u011fi\u015fiklikleri ve montaj kontrol alt\u0131nda tutularak en uygun montaja katk\u0131da bulunulur. Yaz\u0131n s\u0131caktan, k\u0131\u015f\u0131n so\u011fuktan do\u011facak verim d\u00fc\u015f\u00fckl\u00fc\u011f\u00fc ve duru\u015flar\u0131n \u00f6n\u00fcne ge\u00e7ilir.<\/p>\n\n\n\n<p><strong>6-BASIN\u00c7LI HAVA \u00dcRET\u0130M\u0130;<\/strong><\/p>\n\n\n\n<p>Kompres\u00f6rler %100 verimle minimum bak\u0131m, ar\u0131za, hava ka\u00e7a\u011f\u0131 ve enerjiyle \u00e7al\u0131\u015ft\u0131r\u0131larak s\u00fcreklili\u011fi sa\u011flan\u0131r. Hava ka\u00e7aklar\u0131 d\u00fczenli olarak kontrol edilir gereken m\u00fcdahale yap\u0131lmas\u0131 sa\u011flan\u0131r. \u0130\u015fletme genel duru\u015flar\u0131 bu durum i\u00e7in bulunmaz f\u0131rsatt\u0131r de\u011ferlendirilir. Kompres\u00f6r odalar\u0131 kontroll\u00fc hale getirilerek kompres\u00f6r verimi art\u0131r\u0131l\u0131r, mekanik \u00f6mr\u00fc uzat\u0131l\u0131r, \u00fcretilen havadaki nem otomatik su ayr\u0131\u015ft\u0131r\u0131c\u0131lar\u0131yla ve kurutucularla al\u0131n\u0131r. Hava tesisat\u0131nda olu\u015fabilecek sudan dolay\u0131 i\u015fletmenin zarar g\u00f6rmesi engellenir.<\/p>\n\n\n\n<p><strong>7- DO\u011eALGAZ, LPG \u0130STASYON VE DA\u011eITIM B\u0130R\u0130MLER\u0130;<\/strong><\/p>\n\n\n\n<p>Bu tesisler t\u00fcm tesislerden \u00f6nemlidir, \u00e7ok b\u00fcy\u00fck risk ta\u015f\u0131rlar ve ar\u0131zalar\u0131 t\u00fcm i\u015fletmeyi etkiler. G\u00fcnl\u00fck kontrolleri ve bak\u0131mlar\u0131 \u00e7ok \u00f6nemlidir, konularla ilgili gerekli bilgi ve e\u011fitimler al\u0131n\u0131r, sistemler kontrol alt\u0131nda tutularak s\u00fcreklili\u011fi sa\u011flan\u0131r.<\/p>\n\n\n\n<p><strong>8-\u0130\u015e MAK\u0130NELER\u0130;<\/strong><\/p>\n\n\n\n<p>\u00d6ncelikli olarak kullan\u0131c\u0131lar\u0131 s\u00fcrekli e\u011fiterek ve uyararak i\u015fletme sahas\u0131na, ekipmanlara, makinelere, \u00e7al\u0131\u015fanlara ve ara\u00e7lara kar\u015f\u0131 \u00e7ok dikkatli davranmalar\u0131 sa\u011flan\u0131r. Saha, ekipman ve ara\u00e7lar\u0131n ar\u0131za ve bak\u0131mlar\u0131 minimum seviyede tutulur. Kullan\u0131lan i\u015f makinalar\u0131n bak\u0131mlar\u0131 hi\u00e7 aksat\u0131lmadan, s\u00fcr\u00fcc\u00fcleri ve sorumlular\u0131 taraf\u0131ndan yap\u0131lmas\u0131 sa\u011flan\u0131r.<\/p>\n\n\n\n<p><strong>9-KAL\u0130TE VE \u00c7EVRE Y\u00d6NET\u0130M\u0130;<\/strong><\/p>\n\n\n\n<p>Var olan ve talep edilen sistem ve y\u00f6netmenlikler hakk\u0131nda gerekli bilgileri edinmek ve s\u00fcrekli takip etmek. Talepleri h\u0131zl\u0131 ve uygun \u015fekliyle kar\u015f\u0131lamak, e\u011fitimlere kat\u0131lmak. Sistem kay\u0131tlar\u0131n\u0131 tutmak, gerekti\u011finde yenilemek. Sorumlu olunan tesisleri ve i\u015fletmenin genelini y\u00f6netmenliklere uygun \u00e7al\u0131\u015ft\u0131rmak, uygunsuzluklar\u0131n \u00e7\u00f6z\u00fcm\u00fcne yard\u0131mc\u0131 olmak.<\/p>\n\n\n\n<p>&nbsp;&nbsp;&nbsp;&nbsp;&nbsp;&nbsp;&nbsp;&nbsp;&nbsp;&nbsp;&nbsp;&nbsp;&nbsp;&nbsp;&nbsp;&nbsp;&nbsp;&nbsp;&nbsp;&nbsp;&nbsp;&nbsp;&nbsp;&nbsp;&nbsp;&nbsp;&nbsp;&nbsp;&nbsp;&nbsp;&nbsp;&nbsp;&nbsp;&nbsp;&nbsp;&nbsp;&nbsp;&nbsp;&nbsp;&nbsp;&nbsp;&nbsp;&nbsp;&nbsp;&nbsp;&nbsp;&nbsp;&nbsp;&nbsp;&nbsp;&nbsp;&nbsp;&nbsp;&nbsp;&nbsp;&nbsp;&nbsp;&nbsp;&nbsp;&nbsp;&nbsp;&nbsp;&nbsp;&nbsp;&nbsp;&nbsp;&nbsp;&nbsp;&nbsp;&nbsp;&nbsp;&nbsp;&nbsp;&nbsp;&nbsp;&nbsp;&nbsp;&nbsp;&nbsp;&nbsp;&nbsp;&nbsp;&nbsp;&nbsp;&nbsp;&nbsp;&nbsp;&nbsp;&nbsp;&nbsp;&nbsp;&nbsp;&nbsp;&nbsp;&nbsp;&nbsp;&nbsp;&nbsp;&nbsp;&nbsp;&nbsp;&nbsp;&nbsp;&nbsp;&nbsp;&nbsp;<\/p>\n","protected":false},"excerpt":{"rendered":"<p>&nbsp;&nbsp;&nbsp;&nbsp;&nbsp;&nbsp;&nbsp;&nbsp;&nbsp;&nbsp;&nbsp;&nbsp;&nbsp;&nbsp;&nbsp;&nbsp;&nbsp;&nbsp; YARDIMCI TES\u0130SLER VE SORUMLULUKLARI; 1-SU TEM\u0130N\u0130; Derin kuyular;Jeoloji bilgisi ile b\u00f6lge suyu tahmin edilerek \u00e7\u0131kmas\u0131 muhtemel suya g\u00f6re kuyu a\u00e7\u0131larak kuyu i\u00e7ini tamamlayan pvc \u00fcr\u00fcnler sondaj analinize g\u00f6re dizayn edilir, gerekli ise sondaj i\u00e7ine pvc \u00fcr\u00fcn ile ikinci bir kum ve ask\u0131da kat\u0131 madde tutucu montajlan\u0131r, kum oran\u0131 y\u00fcksek ise dibe kum pompas\u0131 konularak &hellip; <\/p>\n<p class=\"link-more\"><a href=\"https:\/\/www.yardimciisletmeler.com\/\" class=\"more-link\">Okumaya devam et<span class=\"screen-reader-text\"> &#8220;&#8221;<\/span><\/a><\/p>\n","protected":false},"author":1,"featured_media":0,"parent":0,"menu_order":0,"comment_status":"closed","ping_status":"closed","template":"","meta":{"footnotes":""},"class_list":["post-8","page","type-page","status-publish","hentry"],"_links":{"self":[{"href":"https:\/\/www.yardimciisletmeler.com\/index.php\/wp-json\/wp\/v2\/pages\/8"}],"collection":[{"href":"https:\/\/www.yardimciisletmeler.com\/index.php\/wp-json\/wp\/v2\/pages"}],"about":[{"href":"https:\/\/www.yardimciisletmeler.com\/index.php\/wp-json\/wp\/v2\/types\/page"}],"author":[{"embeddable":true,"href":"https:\/\/www.yardimciisletmeler.com\/index.php\/wp-json\/wp\/v2\/users\/1"}],"replies":[{"embeddable":true,"href":"https:\/\/www.yardimciisletmeler.com\/index.php\/wp-json\/wp\/v2\/comments?post=8"}],"version-history":[{"count":3,"href":"https:\/\/www.yardimciisletmeler.com\/index.php\/wp-json\/wp\/v2\/pages\/8\/revisions"}],"predecessor-version":[{"id":214,"href":"https:\/\/www.yardimciisletmeler.com\/index.php\/wp-json\/wp\/v2\/pages\/8\/revisions\/214"}],"wp:attachment":[{"href":"https:\/\/www.yardimciisletmeler.com\/index.php\/wp-json\/wp\/v2\/media?parent=8"}],"curies":[{"name":"wp","href":"https:\/\/api.w.org\/{rel}","templated":true}]}}