{"id":149,"date":"2020-10-18T15:31:33","date_gmt":"2020-10-18T12:31:33","guid":{"rendered":"http:\/\/www.yardimciisletmeler.com\/?page_id=149"},"modified":"2020-10-18T17:21:01","modified_gmt":"2020-10-18T14:21:01","slug":"misyon-vizyon","status":"publish","type":"page","link":"https:\/\/www.yardimciisletmeler.com\/index.php\/misyon-vizyon\/","title":{"rendered":"M\u0130SYON &#8211; V\u0130ZYON"},"content":{"rendered":"\n<h2 class=\"wp-block-heading\">Misyonumuz;<\/h2>\n\n\n\n<p>Belirlemi\u015f oldu\u011fumuz vizyonumuz \u00e7evresinde m\u00fc\u015fterilerimize, \u00e7al\u0131\u015fanlar\u0131m\u0131za, d\u00fcnyam\u0131za kaynak olu\u015fturan, de\u011fer katan ve geni\u015f \u00e7evredeki bu payda\u015flar\u0131m\u0131z\u0131n ko\u015fulsuz memnuniyetini sa\u011flayan \u00f6rnek bir kurulu\u015f olmakt\u0131r.<\/p>\n\n\n\n<h2 class=\"wp-block-heading\">Vizyonumuz;<\/h2>\n\n\n\n<p>Geli\u015fen d\u00fcnyada Yard\u0131mc\u0131 \u0130\u015fletmeler \u00e7evresinde ekonomik, kaliteli, sa\u011fl\u0131kl\u0131 \u00fcr\u00fcn ve hizmetleri sunarak t\u00fcketiciyi koruyan ve memnun eden marka olarak yerimizi almak ve lider marka haline gelmek.<\/p>\n\n\n\n<h2 class=\"wp-block-heading\">Geli\u015fim;<\/h2>\n\n\n\n<p>M\u00fc\u015fteri memnuniyeti bizim a\u00e7\u0131m\u0131zdan s\u00fcrekli geli\u015fmenin, kaliteyi sunman\u0131n ka\u00e7\u0131n\u0131lmaz \u00e7\u0131kt\u0131lar\u0131ndan biridir. Amac\u0131m\u0131z ko\u015fulsuz m\u00fc\u015fterilerin memnuniyeti sa\u011flamakt\u0131r. Biliyoruz ki elde edece\u011fimiz m\u00fc\u015fteri memnuniyeti ayn\u0131 zamanda bizi gelece\u011fe ta\u015f\u0131yacak ve pazarda s\u00fcreklili\u011fimizi sa\u011flayacak g\u00fc\u00e7t\u00fcr.<\/p>\n\n\n\n<h2 class=\"wp-block-heading\">Tak\u0131m Ruhu &#8211; Sayg\u0131 ve G\u00fcven;<\/h2>\n\n\n\n<p>M\u00fc\u015fteri memnuniyetini elde etmenin bir di\u011fer temel prensibi ekip olma bilincinde hareket etmektir. Biz gerek m\u00fc\u015fterilerimizle veya t\u00fcketicilerimizle olan ili\u015fkilerimizde, gerekse \u00e7al\u0131\u015fan &#8211; i\u015fveren ili\u015fkilerimizde her zaman bir tak\u0131m olma bilinciyle hareket ederiz. Hem m\u00fc\u015fteri ve t\u00fcketicilerimizi hem de \u00e7al\u0131\u015fanlar\u0131m\u0131z\u0131 uzun vadeli bir i\u015f orta\u011f\u0131 olarak g\u00f6r\u00fcr\u00fcz. Bu anlamda kar\u015f\u0131l\u0131kl\u0131 sayg\u0131 ve g\u00fcven ili\u015fkilerimizin yap\u0131s\u0131n\u0131 belirler. Kurumumuz \u00e7al\u0131\u015fanlar\u0131, y\u00f6netenleri, t\u00fcketicileri, yani t\u00fcm payda\u015flar\u0131 ile toplumla \u00f6zde\u015fle\u015fmi\u015f bir aile gibidir. Ailemizin her \u00fcyesi, kurumumuza yard\u0131mc\u0131 yeteneklerini, bilgi ve tecr\u00fcbelerini katar. Ana felsefe olarak bu payda\u015flar\u0131n bir aidiyet duygusu i\u00e7erisinde birbirlerinin hayat\u0131n\u0131 ve sa\u011flad\u0131\u011f\u0131 girdi ile birbirine \u00e7\u0131kt\u0131lar\u0131 \u00fczerinde etkili olmay\u0131 hedefleyen davran\u0131\u015flar i\u00e7erisinde bulunduklar\u0131n\u0131 s\u00f6yleyebiliriz.<\/p>\n\n\n\n<h2 class=\"wp-block-heading\">Motivasyon;<\/h2>\n\n\n\n<p>Motivasyonumuzu her daim y\u00fcksek tutar\u0131z. Kendimize y\u00fcksek standartta hedefler koyar\u0131z. Do\u011fru i\u015fi yapmaya y\u00f6neliriz ve elimizden geldi\u011fince verimli \u00e7al\u0131\u015f\u0131r\u0131z. Payda\u015flar\u0131m\u0131z\u0131n i\u00e7erisinde y\u00fcksek performans\u0131n fark\u0131nda oluruz ve y\u00fcksek performansl\u0131 ekipler kurar\u0131z. Motivasyonumuzun performansa d\u00f6n\u00fc\u015fece\u011fini biliriz. Performans olu\u015ftururken \u00f6zellikle de\u011fer katmaya, bilin\u00e7li olarak \u00f6ncelik veririz. \u0130\u015fimize de\u011fer katman\u0131n \u00f6nemini fark\u0131nday\u0131z ve bunu destekleyici ortamlar haz\u0131rlar\u0131z.<\/p>\n","protected":false},"excerpt":{"rendered":"<p>Misyonumuz; Belirlemi\u015f oldu\u011fumuz vizyonumuz \u00e7evresinde m\u00fc\u015fterilerimize, \u00e7al\u0131\u015fanlar\u0131m\u0131za, d\u00fcnyam\u0131za kaynak olu\u015fturan, de\u011fer katan ve geni\u015f \u00e7evredeki bu payda\u015flar\u0131m\u0131z\u0131n ko\u015fulsuz memnuniyetini sa\u011flayan \u00f6rnek bir kurulu\u015f olmakt\u0131r. Vizyonumuz; Geli\u015fen d\u00fcnyada Yard\u0131mc\u0131 \u0130\u015fletmeler \u00e7evresinde ekonomik, kaliteli, sa\u011fl\u0131kl\u0131 \u00fcr\u00fcn ve hizmetleri sunarak t\u00fcketiciyi koruyan ve memnun eden marka olarak yerimizi almak ve lider marka haline gelmek. Geli\u015fim; M\u00fc\u015fteri memnuniyeti bizim &hellip; <\/p>\n<p class=\"link-more\"><a href=\"https:\/\/www.yardimciisletmeler.com\/index.php\/misyon-vizyon\/\" class=\"more-link\">Okumaya devam et<span class=\"screen-reader-text\"> &#8220;M\u0130SYON &#8211; V\u0130ZYON&#8221;<\/span><\/a><\/p>\n","protected":false},"author":1,"featured_media":0,"parent":0,"menu_order":0,"comment_status":"closed","ping_status":"closed","template":"","meta":{"footnotes":""},"class_list":["post-149","page","type-page","status-publish","hentry"],"_links":{"self":[{"href":"https:\/\/www.yardimciisletmeler.com\/index.php\/wp-json\/wp\/v2\/pages\/149"}],"collection":[{"href":"https:\/\/www.yardimciisletmeler.com\/index.php\/wp-json\/wp\/v2\/pages"}],"about":[{"href":"https:\/\/www.yardimciisletmeler.com\/index.php\/wp-json\/wp\/v2\/types\/page"}],"author":[{"embeddable":true,"href":"https:\/\/www.yardimciisletmeler.com\/index.php\/wp-json\/wp\/v2\/users\/1"}],"replies":[{"embeddable":true,"href":"https:\/\/www.yardimciisletmeler.com\/index.php\/wp-json\/wp\/v2\/comments?post=149"}],"version-history":[{"count":4,"href":"https:\/\/www.yardimciisletmeler.com\/index.php\/wp-json\/wp\/v2\/pages\/149\/revisions"}],"predecessor-version":[{"id":175,"href":"https:\/\/www.yardimciisletmeler.com\/index.php\/wp-json\/wp\/v2\/pages\/149\/revisions\/175"}],"wp:attachment":[{"href":"https:\/\/www.yardimciisletmeler.com\/index.php\/wp-json\/wp\/v2\/media?parent=149"}],"curies":[{"name":"wp","href":"https:\/\/api.w.org\/{rel}","templated":true}]}}