{"id":146,"date":"2020-10-18T15:30:57","date_gmt":"2020-10-18T12:30:57","guid":{"rendered":"http:\/\/www.yardimciisletmeler.com\/?page_id=146"},"modified":"2020-10-18T16:20:33","modified_gmt":"2020-10-18T13:20:33","slug":"kalite-profili","status":"publish","type":"page","link":"https:\/\/www.yardimciisletmeler.com\/index.php\/kalite-profili\/","title":{"rendered":""},"content":{"rendered":"\n<h2 class=\"wp-block-heading\">Kalite Politikam\u0131z<\/h2>\n\n\n\n<ul class=\"wp-block-list\"><li>Yard\u0131mc\u0131 i\u015fletmeler dahilinde \u00fcretimi, sat\u0131\u015f ve servisi faaliyetlerinde m\u00fc\u015fteri istekleri ile kanunlar\u0131n \u00f6ng\u00f6rd\u00fc\u011f\u00fc kriterler do\u011frultusunda g\u00fcvenli \u00fcr\u00fcnler ve projeler \u00fcreterek m\u00fc\u015fteri memnuniyeti sa\u011flamak,<\/li><\/ul>\n\n\n\n<ul class=\"wp-block-list\"><li>B\u00fcnyesinde teknolojik yenilikleri uygulayarak maliyeti d\u00fc\u015f\u00fcrmek kararl\u0131l\u0131k hedeflerini artt\u0131rmak,<\/li><\/ul>\n\n\n\n<ul class=\"wp-block-list\"><li>T\u00fcm \u00e7al\u0131\u015fanlar\u0131n\u0131n s\u00fcrekli e\u011fiterek \u00fcretimdeki yetin iyile\u015ftirici katk\u0131lar\u0131n\u0131 artt\u0131rmak ve \u00e7al\u0131\u015fanlar aras\u0131nda g\u00fcven, disiplin, tak\u0131m \u00e7al\u0131\u015fmas\u0131 ve ileti\u015fimi en \u00fcst d\u00fczeyde tutmak,<\/li><\/ul>\n\n\n\n<ul class=\"wp-block-list\"><li>Standartlara uygun hizmet sunmak,<\/li><\/ul>\n\n\n\n<ul class=\"wp-block-list\"><li>Kalite y\u00f6netim Sistemi \u015fartlar\u0131na uymak ve etkinli\u011fini s\u00fcrekli iyile\u015ftirmek,<\/li><\/ul>\n\n\n\n<ul class=\"wp-block-list\"><li>Kaliteyi s\u00fcrekli geli\u015ftirerek \u015firketimizin pazar pay\u0131n\u0131 ve rekabet g\u00fcc\u00fcn\u00fc artt\u0131rmak,<\/li><\/ul>\n\n\n\n<ul class=\"wp-block-list\"><li>\u00c7al\u0131\u015fanlar\u0131 firman\u0131n t\u00fcm aktivitelerine dahil ederek y\u00fcksek motivasyonu sa\u011flamak,<\/li><\/ul>\n\n\n\n<ul class=\"wp-block-list\"><li>Gerek \u00fcretti \u00fcr\u00fcnler ve yapt\u0131\u011f\u0131 projelerle ve gerekse \u00fcretim art\u0131klar\u0131n\u0131n de\u011ferlendirilmesi ile \u00e7evreye ve do\u011faya sayg\u0131l\u0131 olmak,<\/li><\/ul>\n\n\n\n<p>\u015eirketimizin kalite politikas\u0131d\u0131r.<\/p>\n\n\n\n<h2 class=\"wp-block-heading\">\u00c7evre Politikam\u0131z<\/h2>\n\n\n\n<p>Yard\u0131mc\u0131 i\u015fletmeler dahilinde \u00fcretim, ve sat\u0131\u015f ve servis, faaliyetlerinde \u00e7evreye ve topluma kar\u015f\u0131 sorumluluklar\u0131n\u0131 bilincinde, s\u00fcrekli geli\u015fime inanan, \u00fcr\u00fcn ve hizmetlerinde kaliteye \u00f6ncelik veren teknoloji ve kalite bak\u0131m\u0131ndan \u00f6nc\u00fc \u015firketlerden biri olarak;<\/p>\n\n\n\n<ul class=\"wp-block-list\"><li>Faaliyetlerimiz s\u0131ras\u0131nda m\u00fcmk\u00fcn olan en iyi teknolojiyi kullanarak \u00e7evre kirlenmesine neden olabilecek etkenleri kontrol alt\u0131nda tutarak \u00e7evreye verece\u011fimiz kirlilik ve zarar\u0131 en az da indirmeyi,<\/li><\/ul>\n\n\n\n<ul class=\"wp-block-list\"><li>Yasal y\u00fck\u00fcml\u00fcl\u00fckleri yerine getirmeyi ve \u00e7evre mevzuat\u0131na uyumay\u0131,<\/li><\/ul>\n\n\n\n<ul class=\"wp-block-list\"><li>\u00c7evre performans\u0131m\u0131z\u0131 s\u00fcrekli iyile\u015ftirmek i\u00e7in \u00e7al\u0131\u015faca\u011f\u0131m\u0131z\u0131,<\/li><\/ul>\n\n\n\n<ul class=\"wp-block-list\"><li>Enerji, hammadde ve do\u011fal kaynaklar\u0131n verimli kullan\u0131lmas\u0131n\u0131 sa\u011flayaca\u011f\u0131m\u0131z\u0131,<\/li><\/ul>\n\n\n\n<ul class=\"wp-block-list\"><li>\u00c7evre bilincini ve \u00e7evreyi koruma amac\u0131 ile yapt\u0131\u011f\u0131m\u0131z \u00e7al\u0131\u015fmalar\u0131, \u00e7al\u0131\u015fanlar\u0131m\u0131z, m\u00fc\u015fterilerimiz, tedarik\u00e7ilerimiz ve toplum ile payla\u015fmay\u0131 ya\u015fam felsefesi olarak benimsenmesini sa\u011flamay\u0131, \u00e7evresel duyarl\u0131l\u0131\u011f\u0131 artt\u0131rmak i\u00e7in ihtiya\u00e7lara g\u00f6re geli\u015fen e\u011fitimler vermeyi,<\/li><\/ul>\n\n\n\n<ul class=\"wp-block-list\"><li>\u00c7evre kirlili\u011fini \u00f6nlemek amac\u0131 ile kirletici ata\u011f\u0131n tekrar kullan\u0131lmas\u0131 ve geri kazan\u0131lmas\u0131 i\u00e7in \u00e7al\u0131\u015fmalar yapmay\u0131 taahh\u00fct ederiz.<\/li><\/ul>\n\n\n\n<h2 class=\"wp-block-heading\">\u0130\u015f G\u00fcvenli\u011fi Politikam\u0131z<\/h2>\n\n\n\n<p>Organizasyonumuz i\u00e7erisinde yer alan herkesin kat\u0131l\u0131m\u0131 ve olu\u015fturulan i\u015f sa\u011fl\u0131\u011f\u0131 ve g\u00fcvenli\u011fi standartlar\u0131na tavizsiz uyum ile \u00e7al\u0131\u015fanlar\u0131m\u0131z\u0131n sa\u011fl\u0131kl\u0131 olmalar\u0131 te\u015fvik edilir, yaralanma ve hastalanmalar\u0131 \u00f6nlenir. <strong>&#8221;\u0130\u015f Sa\u011fl\u0131\u011f\u0131 ve G\u00fcvenli\u011fi Y\u00f6netim Sistemi&#8221;<\/strong> uygulanmakta, periyodik olarak sistemin g\u00f6zden ge\u00e7irilmesi ve performans\u0131n\u0131n izlenmesi ile s\u00fcrekli olarak geli\u015fmesi sa\u011flanmaktad\u0131r.<\/p>\n\n\n\n<ul class=\"wp-block-list\"><li>Y\u00f6neticiler, kendi y\u00f6netimlerinde ve kontrollerinde olan t\u00fcm \u00e7al\u0131\u015fanlar\u0131n i\u015f sa\u011fl\u0131\u011f\u0131 ve g\u00fcvenli\u011finden sorumludurlar.<\/li><\/ul>\n\n\n\n<ul class=\"wp-block-list\"><li>Yard\u0131mc\u0131 i\u015fletmeler, t\u00fcm \u00e7al\u0131\u015fanlar\u0131ndan g\u00fcvenli \u00e7al\u0131\u015fmalar\u0131n\u0131 istemektedir, G\u00fcvenli \u00e7al\u0131\u015fmak Yard\u0131mc\u0131 \u0130\u015fletmeler b\u00fcnyesinde \u00e7al\u0131\u015fman\u0131n \u00f6n ko\u015fuludur.<\/li><\/ul>\n\n\n\n<ul class=\"wp-block-list\"><li>S\u0131f\u0131r i\u015f kazas\u0131 ve meslek hastal\u0131\u011f\u0131 hedefine ula\u015fmak i\u00e7in operasyonlar\u0131m\u0131zdan, yeni \u00fcr\u00fcn, proses ve m\u00fchendislik de\u011fi\u015fimlerinden kaynaklanan riskler belirlenip de\u011ferlendirilir, yap\u0131lan \u00e7al\u0131\u015fmalarla bu riskleri elimine edilir veya kabul edilebilir seviyeye getirilir.<\/li><\/ul>\n\n\n\n<ul class=\"wp-block-list\"><li>Organizasyonumuzun uluslararas\u0131 ve ulusal mevzuatlar ile Yard\u0131mc\u0131 \u0130\u015fletmeler global standartlar\u0131na uyumas\u0131 sa\u011flan\u0131r.<\/li><\/ul>\n\n\n\n<ul class=\"wp-block-list\"><li>\u0130\u015f sa\u011fl\u0131\u011f\u0131 ve g\u00fcvenli\u011fi y\u00f6netimi programlar\u0131 olu\u015fturulur, \u00f6nemli i\u015f sa\u011fl\u0131\u011f\u0131 g\u00fcvenli\u011fi riskleri ortaya \u00e7\u0131kar\u0131l\u0131r ve s\u00fcrekli iyile\u015ftirme i\u00e7in hedefler belirlenir.<\/li><\/ul>\n","protected":false},"excerpt":{"rendered":"<p>Kalite Politikam\u0131z Yard\u0131mc\u0131 i\u015fletmeler dahilinde \u00fcretimi, sat\u0131\u015f ve servisi faaliyetlerinde m\u00fc\u015fteri istekleri ile kanunlar\u0131n \u00f6ng\u00f6rd\u00fc\u011f\u00fc kriterler do\u011frultusunda g\u00fcvenli \u00fcr\u00fcnler ve projeler \u00fcreterek m\u00fc\u015fteri memnuniyeti sa\u011flamak, B\u00fcnyesinde teknolojik yenilikleri uygulayarak maliyeti d\u00fc\u015f\u00fcrmek kararl\u0131l\u0131k hedeflerini artt\u0131rmak, T\u00fcm \u00e7al\u0131\u015fanlar\u0131n\u0131n s\u00fcrekli e\u011fiterek \u00fcretimdeki yetin iyile\u015ftirici katk\u0131lar\u0131n\u0131 artt\u0131rmak ve \u00e7al\u0131\u015fanlar aras\u0131nda g\u00fcven, disiplin, tak\u0131m \u00e7al\u0131\u015fmas\u0131 ve ileti\u015fimi en \u00fcst d\u00fczeyde &hellip; <\/p>\n<p class=\"link-more\"><a href=\"https:\/\/www.yardimciisletmeler.com\/index.php\/kalite-profili\/\" class=\"more-link\">Okumaya devam et<span class=\"screen-reader-text\"> &#8220;&#8221;<\/span><\/a><\/p>\n","protected":false},"author":1,"featured_media":0,"parent":0,"menu_order":0,"comment_status":"closed","ping_status":"closed","template":"","meta":{"footnotes":""},"class_list":["post-146","page","type-page","status-publish","hentry"],"_links":{"self":[{"href":"https:\/\/www.yardimciisletmeler.com\/index.php\/wp-json\/wp\/v2\/pages\/146"}],"collection":[{"href":"https:\/\/www.yardimciisletmeler.com\/index.php\/wp-json\/wp\/v2\/pages"}],"about":[{"href":"https:\/\/www.yardimciisletmeler.com\/index.php\/wp-json\/wp\/v2\/types\/page"}],"author":[{"embeddable":true,"href":"https:\/\/www.yardimciisletmeler.com\/index.php\/wp-json\/wp\/v2\/users\/1"}],"replies":[{"embeddable":true,"href":"https:\/\/www.yardimciisletmeler.com\/index.php\/wp-json\/wp\/v2\/comments?post=146"}],"version-history":[{"count":13,"href":"https:\/\/www.yardimciisletmeler.com\/index.php\/wp-json\/wp\/v2\/pages\/146\/revisions"}],"predecessor-version":[{"id":170,"href":"https:\/\/www.yardimciisletmeler.com\/index.php\/wp-json\/wp\/v2\/pages\/146\/revisions\/170"}],"wp:attachment":[{"href":"https:\/\/www.yardimciisletmeler.com\/index.php\/wp-json\/wp\/v2\/media?parent=146"}],"curies":[{"name":"wp","href":"https:\/\/api.w.org\/{rel}","templated":true}]}}