{"id":144,"date":"2020-10-18T15:30:26","date_gmt":"2020-10-18T12:30:26","guid":{"rendered":"http:\/\/www.yardimciisletmeler.com\/?page_id=144"},"modified":"2020-11-03T01:20:27","modified_gmt":"2020-11-02T22:20:27","slug":"sirket-profili","status":"publish","type":"page","link":"https:\/\/www.yardimciisletmeler.com\/index.php\/sirket-profili\/","title":{"rendered":"\u015e\u0130RKET PROF\u0130L\u0130"},"content":{"rendered":"\n<p>Yard\u0131mc\u0131 i\u015fletmeler D\u00fczce ilinde kurulmu\u015f ve g\u00fcn\u00fcm\u00fcze kadar ortakl\u0131k ve firma yap\u0131s\u0131n\u0131 hi\u00e7 bozmadan faaliyetlerini s\u00fcrd\u00fcrm\u00fc\u015ft\u00fcr. Uzman kadro ve tecr\u00fcbesine dayanarak su temini, su ar\u0131tma, su i\u015fletme, su \u015fartland\u0131rma, havaland\u0131rma, hava ar\u0131tma, \u0131s\u0131tma sistemleri, so\u011futma sistemleri, otomasyon, elektrik, mekanik revizyonlar ve dan\u0131\u015fmanl\u0131k hizmetleri ile T\u00fcrkiye\u2019de ve d\u00fcnyada hizmet veren bir kurulu\u015ftur.<\/p>\n\n\n\n<p>Firmam\u0131z yard\u0131mc\u0131 i\u015fletmeler, \u00fcr\u00fcn ve hizmet konusunda ithalat, ihracat, toptan sat\u0131\u015f ve taahh\u00fct hizmetleri vermek amac\u0131yla kurulmu\u015ftur. Sadece bu sekt\u00f6rde uzun s\u00fcredir \u00e7al\u0131\u015fan kurucular\u0131m\u0131z, b\u00fcy\u00fck bir mesleki sevgi duyduklar\u0131 yard\u0131mc\u0131 i\u015fletme konusunda kendilerine ve di\u011fer i\u015f ortaklar\u0131n\u0131 geli\u015ftirmek i\u00e7in gayret sarf etmektedirler. D\u00fcr\u00fcstl\u00fck, h\u0131z ve ekonomi firmam\u0131z\u0131n i\u015f yapma karakterinin temel \u00f6geleridir.<\/p>\n\n\n\n<p>Firmam\u0131z\u0131n t\u00fcm \u00fcretim ve pazarlama \u00e7al\u0131\u015fmalar\u0131 uzun vadeli hedefler g\u00f6z \u00f6n\u00fcne al\u0131narak belirlenmekte ve geli\u015fen teknoloji, de\u011fi\u015fen ihtiya\u00e7lar s\u00fcrekli takip edilerek bayi ve servislerimiz daha rekabet\u00e7i hale getirilmeye \u00e7al\u0131\u015f\u0131lmaktad\u0131r. Gen\u00e7, giri\u015fken ve konusunda uzman kadrosu ile \u00e7al\u0131\u015fmalara devam eden firmam\u0131z sizlere faydal\u0131, modern ve y\u00fcksek kaliteli hizmet sunmay\u0131 kendine ama\u00e7 edilmi\u015ftir.<\/p>\n\n\n\n<p>Geli\u015fen teknoloji ve sanayile\u015fmenin sonucu olarak su ve hava kaynaklar\u0131ndaki h\u0131zl\u0131 kirlenme nedeniyle, su ar\u0131t\u0131m ve hava ar\u0131t\u0131m \u0131slah\u0131 g\u00fcn ge\u00e7tik\u00e7e daha da \u00f6nemli bir konu haline gelmektedir. Bu ba\u011flamda yard\u0131mc\u0131 i\u015fletmeler \u00e7evre dostu teknolojiler ve \u00fcr\u00fcnler ile t\u00fcketimi azalt\u0131c\u0131 imkanlar sunan yard\u0131mc\u0131 i\u015fletme ihtiyac\u0131n\u0131 kar\u015f\u0131lamaktad\u0131r.<\/p>\n","protected":false},"excerpt":{"rendered":"<p>Yard\u0131mc\u0131 i\u015fletmeler D\u00fczce ilinde kurulmu\u015f ve g\u00fcn\u00fcm\u00fcze kadar ortakl\u0131k ve firma yap\u0131s\u0131n\u0131 hi\u00e7 bozmadan faaliyetlerini s\u00fcrd\u00fcrm\u00fc\u015ft\u00fcr. Uzman kadro ve tecr\u00fcbesine dayanarak su temini, su ar\u0131tma, su i\u015fletme, su \u015fartland\u0131rma, havaland\u0131rma, hava ar\u0131tma, \u0131s\u0131tma sistemleri, so\u011futma sistemleri, otomasyon, elektrik, mekanik revizyonlar ve dan\u0131\u015fmanl\u0131k hizmetleri ile T\u00fcrkiye\u2019de ve d\u00fcnyada hizmet veren bir kurulu\u015ftur. Firmam\u0131z yard\u0131mc\u0131 i\u015fletmeler, \u00fcr\u00fcn &hellip; <\/p>\n<p class=\"link-more\"><a href=\"https:\/\/www.yardimciisletmeler.com\/index.php\/sirket-profili\/\" class=\"more-link\">Okumaya devam et<span class=\"screen-reader-text\"> &#8220;\u015e\u0130RKET PROF\u0130L\u0130&#8221;<\/span><\/a><\/p>\n","protected":false},"author":1,"featured_media":0,"parent":0,"menu_order":0,"comment_status":"closed","ping_status":"closed","template":"","meta":{"footnotes":""},"class_list":["post-144","page","type-page","status-publish","hentry"],"_links":{"self":[{"href":"https:\/\/www.yardimciisletmeler.com\/index.php\/wp-json\/wp\/v2\/pages\/144"}],"collection":[{"href":"https:\/\/www.yardimciisletmeler.com\/index.php\/wp-json\/wp\/v2\/pages"}],"about":[{"href":"https:\/\/www.yardimciisletmeler.com\/index.php\/wp-json\/wp\/v2\/types\/page"}],"author":[{"embeddable":true,"href":"https:\/\/www.yardimciisletmeler.com\/index.php\/wp-json\/wp\/v2\/users\/1"}],"replies":[{"embeddable":true,"href":"https:\/\/www.yardimciisletmeler.com\/index.php\/wp-json\/wp\/v2\/comments?post=144"}],"version-history":[{"count":4,"href":"https:\/\/www.yardimciisletmeler.com\/index.php\/wp-json\/wp\/v2\/pages\/144\/revisions"}],"predecessor-version":[{"id":179,"href":"https:\/\/www.yardimciisletmeler.com\/index.php\/wp-json\/wp\/v2\/pages\/144\/revisions\/179"}],"wp:attachment":[{"href":"https:\/\/www.yardimciisletmeler.com\/index.php\/wp-json\/wp\/v2\/media?parent=144"}],"curies":[{"name":"wp","href":"https:\/\/api.w.org\/{rel}","templated":true}]}}