{"id":113,"date":"2020-10-18T14:11:12","date_gmt":"2020-10-18T11:11:12","guid":{"rendered":"http:\/\/www.yardimciisletmeler.com\/?page_id=113"},"modified":"2022-06-02T21:02:37","modified_gmt":"2022-06-02T18:02:37","slug":"is-ortaklarimiz","status":"publish","type":"page","link":"https:\/\/www.yardimciisletmeler.com\/index.php\/is-ortaklarimiz\/","title":{"rendered":"\u0130\u015e ORTAKLARIMIZ"},"content":{"rendered":"\n<ul class=\"wp-block-list\"><li><a rel=\"noreferrer noopener\" href=\"https:\/\/esli.com.tr\" data-type=\"URL\" data-id=\"https:\/\/esli.com.tr\" target=\"_blank\">Esli End\u00fcstriyel Su Ar\u0131tma Sistemleri<\/a><\/li><\/ul>\n\n\n\n<ul class=\"wp-block-list\"><li><a rel=\"noreferrer noopener\" href=\"http:\/\/grundfos.com\/tr\" data-type=\"URL\" data-id=\"http:\/\/grundfos.com\/tr\" target=\"_blank\">Grundfos<\/a><\/li><\/ul>\n\n\n\n<ul class=\"wp-block-list\"><li><a rel=\"noreferrer noopener\" href=\"http:\/\/www.danfoss.com\/tr-tr\" data-type=\"URL\" data-id=\"www.danfoss.com\/tr-tr\" target=\"_blank\">Danfoss<\/a><\/li><\/ul>\n\n\n\n<ul class=\"wp-block-list\"><li><a rel=\"noreferrer noopener\" href=\"http:\/\/www.akkim.com.tr\" target=\"_blank\" data-type=\"URL\" data-id=\"www.akkim.com.tr\">Akkim<\/a><\/li><\/ul>\n\n\n\n<ul class=\"wp-block-list\"><li><a rel=\"noreferrer noopener\" href=\"http:\/\/www.grander.com\" target=\"_blank\" data-type=\"URL\" data-id=\"www.grander.com\">GRANDER<\/a><\/li><\/ul>\n\n\n\n<ul class=\"wp-block-list\"><li><a rel=\"noreferrer noopener\" href=\"http:\/\/www.ertekchemicals.com\" target=\"_blank\" data-type=\"URL\" data-id=\"www.ertekchemicals.com\">Ertek Kimya<\/a><\/li><\/ul>\n\n\n\n<ul class=\"wp-block-list\"><li><a rel=\"noreferrer noopener\" href=\"http:\/\/new.siemens.com\" data-type=\"URL\" data-id=\"new.siemens.com\" target=\"_blank\">Siemens<\/a><\/li><\/ul>\n\n\n\n<ul class=\"wp-block-list\"><li><a href=\"http:\/\/ensotek.com.tr\" data-type=\"URL\" data-id=\"ensotek.com.tr\">ENSOTEK<\/a><\/li><\/ul>\n\n\n\n<ul class=\"wp-block-list\"><li><a href=\"https:\/\/pitre.com.tr\" data-type=\"URL\" data-id=\"https:\/\/pitre.com.tr\">Pitre Kanal Sistemleri<\/a><\/li><\/ul>\n\n\n\n<ul class=\"wp-block-list\"><li><a rel=\"noreferrer noopener\" href=\"http:\/\/www.ozgemekanik.com\" target=\"_blank\" data-type=\"URL\" data-id=\"www.ozgemekanik.com\">\u00d6zge Mekanik<\/a><\/li><\/ul>\n\n\n\n<ul class=\"wp-block-list\"><li><a rel=\"noreferrer noopener\" href=\"http:\/\/www.saritas.com.tr\" target=\"_blank\" data-type=\"URL\" data-id=\"www.saritas.com.tr\">Sar\u0131ta\u015f Paslanmaz \u00c7elik<\/a><\/li><\/ul>\n\n\n\n<ul class=\"wp-block-list\"><li><a rel=\"noreferrer noopener\" href=\"http:\/\/kutmankaplan.net\" data-type=\"URL\" data-id=\"http:\/\/kutmankaplan.net\" target=\"_blank\">Kutman KAPLAN<\/a><\/li><\/ul>\n\n\n\n<ul class=\"wp-block-list\"><li><a href=\"http:\/\/nexussu.com\" data-type=\"URL\" data-id=\"http:\/\/nexussu.com\">NEXUSSU<\/a><\/li><\/ul>\n\n\n\n<ul class=\"wp-block-list\"><li> <a href=\"https:\/\/www.sharp.com.tr\/cps\/rde\/xchg\/tr\/\">Sharp<\/a><\/li><\/ul>\n\n\n\n<ul class=\"wp-block-list\"><li><a href=\"jjyerbilimleri@gmail.com\" target=\"_blank\" rel=\"noreferrer noopener\">Ahmet \u00c7AKAR<\/a><\/li><\/ul>\n\n\n\n<p><\/p>\n","protected":false},"excerpt":{"rendered":"<p>Esli End\u00fcstriyel Su Ar\u0131tma Sistemleri Grundfos Danfoss Akkim GRANDER Ertek Kimya Siemens ENSOTEK Pitre Kanal Sistemleri \u00d6zge Mekanik Sar\u0131ta\u015f Paslanmaz \u00c7elik Kutman KAPLAN NEXUSSU Sharp Ahmet \u00c7AKAR<\/p>\n","protected":false},"author":1,"featured_media":0,"parent":0,"menu_order":0,"comment_status":"closed","ping_status":"closed","template":"","meta":{"footnotes":""},"class_list":["post-113","page","type-page","status-publish","hentry"],"_links":{"self":[{"href":"https:\/\/www.yardimciisletmeler.com\/index.php\/wp-json\/wp\/v2\/pages\/113"}],"collection":[{"href":"https:\/\/www.yardimciisletmeler.com\/index.php\/wp-json\/wp\/v2\/pages"}],"about":[{"href":"https:\/\/www.yardimciisletmeler.com\/index.php\/wp-json\/wp\/v2\/types\/page"}],"author":[{"embeddable":true,"href":"https:\/\/www.yardimciisletmeler.com\/index.php\/wp-json\/wp\/v2\/users\/1"}],"replies":[{"embeddable":true,"href":"https:\/\/www.yardimciisletmeler.com\/index.php\/wp-json\/wp\/v2\/comments?post=113"}],"version-history":[{"count":31,"href":"https:\/\/www.yardimciisletmeler.com\/index.php\/wp-json\/wp\/v2\/pages\/113\/revisions"}],"predecessor-version":[{"id":213,"href":"https:\/\/www.yardimciisletmeler.com\/index.php\/wp-json\/wp\/v2\/pages\/113\/revisions\/213"}],"wp:attachment":[{"href":"https:\/\/www.yardimciisletmeler.com\/index.php\/wp-json\/wp\/v2\/media?parent=113"}],"curies":[{"name":"wp","href":"https:\/\/api.w.org\/{rel}","templated":true}]}}