{"id":10,"date":"2020-10-10T21:10:29","date_gmt":"2020-10-10T18:10:29","guid":{"rendered":"http:\/\/www.yardimciisletmeler.com\/?page_id=10"},"modified":"2020-10-18T15:24:36","modified_gmt":"2020-10-18T12:24:36","slug":"bize-ulasin","status":"publish","type":"page","link":"https:\/\/www.yardimciisletmeler.com\/index.php\/bize-ulasin\/","title":{"rendered":"\u0130LET\u0130\u015e\u0130M"},"content":{"rendered":"\n<p><em>Nurettin OTLU &#8211; Teknik Koordinat\u00f6r<\/em><\/p>\n\n\n\n<p><em>GSM : +90 505 569 41 26<\/em><\/p>\n\n\n\n<p><em><a href=\"mailto:info@yardimciisletmeler.com\" target=\"_blank\" rel=\"noreferrer noopener\">info@yardimciisletmeler.com<\/a><\/em><\/p>\n\n\n\n<p><em><a href=\"http:\/\/www.yardimciisletmeler.com\/\" target=\"_blank\" rel=\"noreferrer noopener\">www.yardimciisletmeler.com<\/a><\/em><\/p>\n\n\n\n<p><em>Adres:<\/em> <em>G\u00fczelbah\u00e7e Mahallesi \u0130\u015fmerkezi 143\/3 B Blok No:14 Merkez \/ D\u00dcZCE<\/em><\/p>\n\n\n\n<figure class=\"wp-block-image size-large\"><img loading=\"lazy\" decoding=\"async\" width=\"302\" height=\"65\" src=\"http:\/\/www.yardimciisletmeler.com\/wp-content\/uploads\/2020\/10\/image.png\" alt=\"\" class=\"wp-image-49\" srcset=\"https:\/\/www.yardimciisletmeler.com\/wp-content\/uploads\/2020\/10\/image.png 302w, https:\/\/www.yardimciisletmeler.com\/wp-content\/uploads\/2020\/10\/image-300x65.png 300w\" sizes=\"(max-width: 302px) 100vw, 302px\" \/><\/figure>\n\n\n\n<p><\/p>\n","protected":false},"excerpt":{"rendered":"<p>Nurettin OTLU &#8211; Teknik Koordinat\u00f6r GSM : +90 505 569 41 26 info@yardimciisletmeler.com www.yardimciisletmeler.com Adres: G\u00fczelbah\u00e7e Mahallesi \u0130\u015fmerkezi 143\/3 B Blok No:14 Merkez \/ D\u00dcZCE<\/p>\n","protected":false},"author":1,"featured_media":0,"parent":0,"menu_order":0,"comment_status":"closed","ping_status":"closed","template":"","meta":{"footnotes":""},"class_list":["post-10","page","type-page","status-publish","hentry"],"_links":{"self":[{"href":"https:\/\/www.yardimciisletmeler.com\/index.php\/wp-json\/wp\/v2\/pages\/10"}],"collection":[{"href":"https:\/\/www.yardimciisletmeler.com\/index.php\/wp-json\/wp\/v2\/pages"}],"about":[{"href":"https:\/\/www.yardimciisletmeler.com\/index.php\/wp-json\/wp\/v2\/types\/page"}],"author":[{"embeddable":true,"href":"https:\/\/www.yardimciisletmeler.com\/index.php\/wp-json\/wp\/v2\/users\/1"}],"replies":[{"embeddable":true,"href":"https:\/\/www.yardimciisletmeler.com\/index.php\/wp-json\/wp\/v2\/comments?post=10"}],"version-history":[{"count":4,"href":"https:\/\/www.yardimciisletmeler.com\/index.php\/wp-json\/wp\/v2\/pages\/10\/revisions"}],"predecessor-version":[{"id":143,"href":"https:\/\/www.yardimciisletmeler.com\/index.php\/wp-json\/wp\/v2\/pages\/10\/revisions\/143"}],"wp:attachment":[{"href":"https:\/\/www.yardimciisletmeler.com\/index.php\/wp-json\/wp\/v2\/media?parent=10"}],"curies":[{"name":"wp","href":"https:\/\/api.w.org\/{rel}","templated":true}]}}